{"id":126,"date":"2019-02-23T09:04:09","date_gmt":"2019-02-23T09:04:09","guid":{"rendered":"http:\/\/tfskd-ankara.org.tr\/?page_id=126"},"modified":"2023-06-06T16:38:46","modified_gmt":"2023-06-06T16:38:46","slug":"tuzuk-ve-talimatlar","status":"publish","type":"page","link":"http:\/\/tfskd-ankara.org.tr\/index.php\/tuzuk-ve-talimatlar\/","title":{"rendered":"T\u00dcZ\u00dcK VE TAL\u0130MATLAR"},"content":{"rendered":"\n<div class=\"wp-block-file\"><a id=\"wp-block-file--media-887a6134-e0c3-49ed-9e84-3f5ef237f552\" href=\"http:\/\/tfskd-ankara.org.tr\/wp-content\/uploads\/2019\/04\/TFSKD_Disiplin-Talimat\u0131_09.02.2019.pdf\">TFSKD_Disiplin Talimat\u0131_09.02.2019<\/a><a href=\"http:\/\/tfskd-ankara.org.tr\/wp-content\/uploads\/2019\/04\/TFSKD_Disiplin-Talimat\u0131_09.02.2019.pdf\" class=\"wp-block-file__button\" download aria-describedby=\"wp-block-file--media-887a6134-e0c3-49ed-9e84-3f5ef237f552\">\u0130ndir<\/a><\/div>\n\n\n\n<p>TFSKD T\u00fcz\u00fck 24.04.2019  <a href=\"https:\/\/dosya.co\/e3bf4spcubde\/TFSKD_T\u00fcz\u00fck_24.04.2019.pdf.html\">\u0130ndir<\/a> <\/p>\n\n\n\n<div class=\"wp-block-file\"><a id=\"wp-block-file--media-34c1abb8-b6f2-4a16-8eb6-d65591e194c8\" href=\"http:\/\/tfskd-ankara.org.tr\/wp-content\/uploads\/2021\/01\/Futbol-Saha-Komiserleri-Talimati.pdf\">Futbol-Saha-Komiserleri-Talimati<\/a><a href=\"http:\/\/tfskd-ankara.org.tr\/wp-content\/uploads\/2021\/01\/Futbol-Saha-Komiserleri-Talimati.pdf\" class=\"wp-block-file__button\" download aria-describedby=\"wp-block-file--media-34c1abb8-b6f2-4a16-8eb6-d65591e194c8\">\u0130ndir<\/a><\/div>\n\n\n\n<div class=\"wp-block-file\"><a id=\"wp-block-file--media-fc08faa2-d92c-46b8-a5fb-9773f4a12b65\" href=\"http:\/\/tfskd-ankara.org.tr\/wp-content\/uploads\/2021\/10\/YENI-DI\u0307SI\u0307PLI\u0307N-TALI\u0307MATI-10.07.2021-DERBI\u0307S-BANKODLU.pdf\">YENI-DI\u0307SI\u0307PLI\u0307N-TALI\u0307MATI-10.07.2021-DERBI\u0307S-BANKODLU<\/a><a href=\"http:\/\/tfskd-ankara.org.tr\/wp-content\/uploads\/2021\/10\/YENI-DI\u0307SI\u0307PLI\u0307N-TALI\u0307MATI-10.07.2021-DERBI\u0307S-BANKODLU.pdf\" class=\"wp-block-file__button\" download aria-describedby=\"wp-block-file--media-fc08faa2-d92c-46b8-a5fb-9773f4a12b65\">\u0130ndir<\/a><\/div>\n\n\n\n<div class=\"wp-block-file\"><object class=\"wp-block-file__embed\" data=\"http:\/\/tfskd-ankara.org.tr\/wp-content\/uploads\/2023\/06\/TFSKD-SON-TUZUK.pdf\" type=\"application\/pdf\" style=\"width:100%;height:600px\" aria-label=\"TFSKD SON T\u00dcZ\u00dcK g\u00f6m\u00fcs\u00fc.\"><\/object><a id=\"wp-block-file--media-02f12442-b26b-4272-b42c-0ae63ac98f5d\" href=\"http:\/\/tfskd-ankara.org.tr\/wp-content\/uploads\/2023\/06\/TFSKD-SON-TUZUK.pdf\">TFSKD SON T\u00dcZ\u00dcK<\/a><a href=\"http:\/\/tfskd-ankara.org.tr\/wp-content\/uploads\/2023\/06\/TFSKD-SON-TUZUK.pdf\" class=\"wp-block-file__button\" download aria-describedby=\"wp-block-file--media-02f12442-b26b-4272-b42c-0ae63ac98f5d\">\u0130ndir<\/a><\/div>\n","protected":false},"excerpt":{"rendered":"<div class=\"mh-excerpt\"><p>TFSKD T\u00fcz\u00fck 24.04.2019 \u0130ndir<\/p>\n<\/div>","protected":false},"author":1,"featured_media":0,"parent":0,"menu_order":3,"comment_status":"closed","ping_status":"closed","template":"","meta":[],"_links":{"self":[{"href":"http:\/\/tfskd-ankara.org.tr\/index.php\/wp-json\/wp\/v2\/pages\/126"}],"collection":[{"href":"http:\/\/tfskd-ankara.org.tr\/index.php\/wp-json\/wp\/v2\/pages"}],"about":[{"href":"http:\/\/tfskd-ankara.org.tr\/index.php\/wp-json\/wp\/v2\/types\/page"}],"author":[{"embeddable":true,"href":"http:\/\/tfskd-ankara.org.tr\/index.php\/wp-json\/wp\/v2\/users\/1"}],"replies":[{"embeddable":true,"href":"http:\/\/tfskd-ankara.org.tr\/index.php\/wp-json\/wp\/v2\/comments?post=126"}],"version-history":[{"count":9,"href":"http:\/\/tfskd-ankara.org.tr\/index.php\/wp-json\/wp\/v2\/pages\/126\/revisions"}],"predecessor-version":[{"id":1739,"href":"http:\/\/tfskd-ankara.org.tr\/index.php\/wp-json\/wp\/v2\/pages\/126\/revisions\/1739"}],"wp:attachment":[{"href":"http:\/\/tfskd-ankara.org.tr\/index.php\/wp-json\/wp\/v2\/media?parent=126"}],"curies":[{"name":"wp","href":"https:\/\/api.w.org\/{rel}","templated":true}]}}