{"id":15,"date":"2019-01-16T17:33:15","date_gmt":"2019-01-16T17:33:15","guid":{"rendered":"http:\/\/tfskd-ankara.org.tr\/?page_id=15"},"modified":"2021-03-26T08:05:18","modified_gmt":"2021-03-26T08:05:18","slug":"yonetim","status":"publish","type":"page","link":"http:\/\/tfskd-ankara.org.tr\/index.php\/yonetim\/","title":{"rendered":"Y\u00f6netim Kurulu"},"content":{"rendered":"\n<div class=\"wp-block-image\"><figure class=\"aligncenter is-resized\"><img loading=\"lazy\" src=\"http:\/\/tfskd-ankara.org.tr\/wp-content\/uploads\/2019\/02\/D\u0130LAVER-G\u00dcRB\u00dcZ.jpeg\" alt=\"\" class=\"wp-image-107\" width=\"125\" height=\"168\" srcset=\"http:\/\/tfskd-ankara.org.tr\/wp-content\/uploads\/2019\/02\/D\u0130LAVER-G\u00dcRB\u00dcZ.jpeg 330w, http:\/\/tfskd-ankara.org.tr\/wp-content\/uploads\/2019\/02\/D\u0130LAVER-G\u00dcRB\u00dcZ-225x300.jpeg 225w\" sizes=\"(max-width: 125px) 100vw, 125px\" \/><figcaption>Dilaver G\u00dcRB\u00dcZ<br><strong><em>BA\u015eKAN<\/em><\/strong><\/figcaption><\/figure><\/div>\n\n\n\n<div class=\"wp-block-image\"><figure class=\"alignleft is-resized\"><img loading=\"lazy\" src=\"http:\/\/tfskd-ankara.org.tr\/wp-content\/uploads\/2019\/02\/HAYDAR-UZUNKAYA.jpg\" alt=\"\" class=\"wp-image-116\" width=\"125\" height=\"168\" srcset=\"http:\/\/tfskd-ankara.org.tr\/wp-content\/uploads\/2019\/02\/HAYDAR-UZUNKAYA.jpg 238w, http:\/\/tfskd-ankara.org.tr\/wp-content\/uploads\/2019\/02\/HAYDAR-UZUNKAYA-223x300.jpg 223w\" sizes=\"(max-width: 125px) 100vw, 125px\" \/><figcaption>Haydar UZUNKAYA<br><strong><em>BA\u015eKAN<\/em><\/strong> YARDIMCISI<br><br><\/figcaption><\/figure><\/div>\n\n\n\n<div class=\"wp-block-image\"><figure class=\"alignleft is-resized\"><img loading=\"lazy\" src=\"http:\/\/tfskd-ankara.org.tr\/wp-content\/uploads\/2019\/02\/MURAT-KESK\u0130N.jpeg\" alt=\"\" class=\"wp-image-118\" width=\"125\" height=\"169\" srcset=\"http:\/\/tfskd-ankara.org.tr\/wp-content\/uploads\/2019\/02\/MURAT-KESK\u0130N.jpeg 330w, http:\/\/tfskd-ankara.org.tr\/wp-content\/uploads\/2019\/02\/MURAT-KESK\u0130N-222x300.jpeg 222w\" sizes=\"(max-width: 125px) 100vw, 125px\" \/><figcaption>Murat KESK\u0130N<br><strong><em><strong><em>BA\u015eKAN<\/em><\/strong> YARDIMCISI<\/em><\/strong><\/figcaption><\/figure><\/div>\n\n\n\n<div class=\"wp-block-image\"><figure class=\"aligncenter is-resized\"><img loading=\"lazy\" src=\"http:\/\/tfskd-ankara.org.tr\/wp-content\/uploads\/2019\/02\/HACI-MEHMET-G\u00dcNG\u00d6R.jpg\" alt=\"\" class=\"wp-image-114\" width=\"125\" height=\"168\" srcset=\"http:\/\/tfskd-ankara.org.tr\/wp-content\/uploads\/2019\/02\/HACI-MEHMET-G\u00dcNG\u00d6R.jpg 330w, http:\/\/tfskd-ankara.org.tr\/wp-content\/uploads\/2019\/02\/HACI-MEHMET-G\u00dcNG\u00d6R-225x300.jpg 225w\" sizes=\"(max-width: 125px) 100vw, 125px\" \/><figcaption>Hac\u0131 Mehmet G\u00dcNG\u00d6R<br><strong><em>GENEL SEKRETER<\/em><\/strong><\/figcaption><\/figure><\/div>\n\n\n\n<div class=\"wp-block-columns\">\n<div class=\"wp-block-column\" style=\"flex-basis:100%\"><\/div>\n<\/div>\n\n\n\n<div class=\"wp-block-image\"><figure class=\"alignright is-resized\"><img loading=\"lazy\" src=\"http:\/\/tfskd-ankara.org.tr\/wp-content\/uploads\/2021\/03\/ilker-koc.jpg\" alt=\"\" class=\"wp-image-1297\" width=\"137\" height=\"172\"\/><figcaption>\u0130lker KO\u00c7 <br>GENEL SEKRETER YARDIMCISI<\/figcaption><\/figure><\/div>\n\n\n\n<div class=\"wp-block-image\"><figure class=\"alignleft is-resized\"><img loading=\"lazy\" src=\"http:\/\/tfskd-ankara.org.tr\/wp-content\/uploads\/2019\/02\/MUSTAFA-\u00c7\u0130FT\u00c7\u0130.jpg\" alt=\"\" class=\"wp-image-120\" width=\"124\" height=\"167\" srcset=\"http:\/\/tfskd-ankara.org.tr\/wp-content\/uploads\/2019\/02\/MUSTAFA-\u00c7\u0130FT\u00c7\u0130.jpg 330w, http:\/\/tfskd-ankara.org.tr\/wp-content\/uploads\/2019\/02\/MUSTAFA-\u00c7\u0130FT\u00c7\u0130-222x300.jpg 222w\" sizes=\"(max-width: 124px) 100vw, 124px\" \/><figcaption>Mustafa \u00c7\u0130FT\u00c7\u0130<br><em><strong>VEZNEDAR<\/strong><\/em><\/figcaption><\/figure><\/div>\n\n\n\n<div class=\"wp-block-columns\">\n<div class=\"wp-block-column\" style=\"flex-basis:100%\">\n<div class=\"wp-container-1 wp-block-group\"><div class=\"wp-block-group__inner-container\">\n<div class=\"wp-block-columns\">\n<div class=\"wp-block-column is-vertically-aligned-bottom\" style=\"flex-basis:100%\">\n<div class=\"wp-block-image\"><figure class=\"aligncenter size-large is-resized\"><img loading=\"lazy\" src=\"http:\/\/tfskd-ankara.org.tr\/wp-content\/uploads\/2021\/03\/RAMAZAN-ATES-1.jpg\" alt=\"\" class=\"wp-image-1292\" width=\"125\" height=\"168\" srcset=\"http:\/\/tfskd-ankara.org.tr\/wp-content\/uploads\/2021\/03\/RAMAZAN-ATES-1.jpg 330w, http:\/\/tfskd-ankara.org.tr\/wp-content\/uploads\/2021\/03\/RAMAZAN-ATES-1-222x300.jpg 222w\" sizes=\"(max-width: 125px) 100vw, 125px\" \/><figcaption> Ramazan ATE\u015e        MAL\u0130 SEKRETER<br><\/figcaption><\/figure><\/div>\n<\/div>\n<\/div>\n<\/div><\/div>\n<\/div>\n<\/div>\n\n\n\n<div class=\"wp-block-columns\">\n<div class=\"wp-block-column is-vertically-aligned-center\" style=\"flex-basis:100%\">\n<div class=\"wp-block-columns\">\n<div class=\"wp-block-column\" style=\"flex-basis:100%\">\n<div class=\"wp-container-2 wp-block-group\"><div class=\"wp-block-group__inner-container\">\n<div class=\"wp-block-columns\">\n<div class=\"wp-block-column is-vertically-aligned-top\" style=\"flex-basis:100%\"><\/div>\n<\/div>\n<\/div><\/div>\n<\/div>\n<\/div>\n<\/div>\n<\/div>\n\n\n\n<p>                                                 <\/p>\n\n\n\n<p><\/p>\n","protected":false},"excerpt":{"rendered":"<div class=\"mh-excerpt\"><\/div>","protected":false},"author":1,"featured_media":0,"parent":0,"menu_order":0,"comment_status":"closed","ping_status":"closed","template":"","meta":[],"_links":{"self":[{"href":"http:\/\/tfskd-ankara.org.tr\/index.php\/wp-json\/wp\/v2\/pages\/15"}],"collection":[{"href":"http:\/\/tfskd-ankara.org.tr\/index.php\/wp-json\/wp\/v2\/pages"}],"about":[{"href":"http:\/\/tfskd-ankara.org.tr\/index.php\/wp-json\/wp\/v2\/types\/page"}],"author":[{"embeddable":true,"href":"http:\/\/tfskd-ankara.org.tr\/index.php\/wp-json\/wp\/v2\/users\/1"}],"replies":[{"embeddable":true,"href":"http:\/\/tfskd-ankara.org.tr\/index.php\/wp-json\/wp\/v2\/comments?post=15"}],"version-history":[{"count":25,"href":"http:\/\/tfskd-ankara.org.tr\/index.php\/wp-json\/wp\/v2\/pages\/15\/revisions"}],"predecessor-version":[{"id":1311,"href":"http:\/\/tfskd-ankara.org.tr\/index.php\/wp-json\/wp\/v2\/pages\/15\/revisions\/1311"}],"wp:attachment":[{"href":"http:\/\/tfskd-ankara.org.tr\/index.php\/wp-json\/wp\/v2\/media?parent=15"}],"curies":[{"name":"wp","href":"https:\/\/api.w.org\/{rel}","templated":true}]}}