{"id":17,"date":"2019-01-16T17:33:37","date_gmt":"2019-01-16T17:33:37","guid":{"rendered":"http:\/\/tfskd-ankara.org.tr\/?page_id=17"},"modified":"2021-04-29T16:36:14","modified_gmt":"2021-04-29T16:36:14","slug":"http-tfskd-ankara-org-tr-wp-content-uploads-2020-06-uye-basvuru-formu-sablonu-4-docformlar","status":"publish","type":"page","link":"http:\/\/tfskd-ankara.org.tr\/index.php\/http-tfskd-ankara-org-tr-wp-content-uploads-2020-06-uye-basvuru-formu-sablonu-4-docformlar\/","title":{"rendered":"Formlar"},"content":{"rendered":"\n<div class=\"wp-block-file\"><a href=\"http:\/\/tfskd-ankara.org.tr\/wp-content\/uploads\/2021\/04\/SAHA-KOMISERI-MUSABAKA-RAPORU.xls\">SAHA KOM\u0130SER\u0130 M\u00dcSABAKA RAPORU<\/a><a href=\"http:\/\/tfskd-ankara.org.tr\/wp-content\/uploads\/2021\/04\/SAHA-KOMISERI-MUSABAKA-RAPORU.xls\" class=\"wp-block-file__button\" download>\u0130ndir<\/a><\/div>\n\n\n\n<figure class=\"wp-block-table\"><table><tbody><tr><td><a href=\"http:\/\/tfskd-ankara.org.tr\/wp-content\/uploads\/2020\/06\/YILLIK-V\u0130ZE-FORMU-\u015eABLONU-1.docx\">y\u0131ll\u0131k vize formu \u015fablonu<\/a>http:\/\/tfskd-ankara.org.tr\/wp-content\/uploads\/2020\/06\/YILLIK-V\u0130ZE-FORMU-\u015eABLONU-1.docx<\/td><\/tr><tr><td><a href=\"http:\/\/tfskd-ankara.org.tr\/wp-content\/uploads\/2019\/02\/\u00dcYE-KABUL-FORMU-1.docx\">http:\/\/tfskd-ankara.org.tr\/wp-content\/uploads\/2019\/02\/\u00dcYE-KABUL-FORMU-1.docx<\/a><\/td><\/tr><tr><td>\u00fcye ba\u015fvuru formu<a href=\"http:\/\/tfskd-ankara.org.tr\/wp-content\/uploads\/2020\/06\/\u00dcYE-BA\u015eVURU-FORMU-\u015eABLONU-3.doc\">http:\/\/tfskd-ankara.org.tr\/wp-content\/uploads\/2020\/06\/\u00dcYE-BA\u015eVURU-FORMU-\u015eABLONU-3.doc<\/a><\/td><\/tr><tr><td><\/td><\/tr><tr><td><a href=\"http:\/\/tfskd-ankara.org.tr\/wp-content\/uploads\/2019\/02\/SAHA-KOM\u0130SER\u0130-B\u0130LG\u0130-FORMU-1.xlsx\">http:\/\/tfskd-ankara.org.tr\/wp-content\/uploads\/2019\/02\/SAHA-KOM\u0130SER\u0130-B\u0130LG\u0130-FORMU-1.xlsx<\/a><\/td><\/tr><tr><td><\/td><\/tr><tr><td><\/td><\/tr><tr><td><br><\/td><\/tr><tr><td><\/td><\/tr><tr><td><\/td><\/tr><tr><td><\/td><\/tr><tr><td><\/td><\/tr><\/tbody><\/table><\/figure>\n\n\n\n<div class=\"wp-block-file\"><a href=\"http:\/\/tfskd-ankara.org.tr\/wp-content\/uploads\/2020\/03\/OKUL-SAHA-KOMSER\u0130-BORDRO-\u015fablon-REV\u0130ZE.xlsx\">OKUL-SAHA-KOMSER\u0130-BORDRO-\u015fablon-REV\u0130ZE<\/a><a href=\"http:\/\/tfskd-ankara.org.tr\/wp-content\/uploads\/2020\/03\/OKUL-SAHA-KOMSER\u0130-BORDRO-\u015fablon-REV\u0130ZE.xlsx\" class=\"wp-block-file__button\" download><\/a><\/div>\n\n\n\n<div class=\"wp-block-file\"><a href=\"http:\/\/tfskd-ankara.org.tr\/wp-content\/uploads\/2020\/02\/OKUL-SAHA-KOMSER\u0130-BORDRO.xlsx\">OKUL SAHA KOMSER\u0130 BORDRO<\/a><a href=\"http:\/\/tfskd-ankara.org.tr\/wp-content\/uploads\/2020\/02\/OKUL-SAHA-KOMSER\u0130-BORDRO.xlsx\" class=\"wp-block-file__button\" download>\u0130ndir<\/a><\/div>\n\n\n\n<div class=\"wp-block-file\"><a href=\"http:\/\/tfskd-ankara.org.tr\/wp-content\/uploads\/2020\/06\/abdulkadir-\u0131\u015f\u0131k-1-1.docx\">abdulkadir-\u0131\u015f\u0131k-1-1<\/a><a href=\"http:\/\/tfskd-ankara.org.tr\/wp-content\/uploads\/2020\/06\/abdulkadir-\u0131\u015f\u0131k-1-1.docx\" class=\"wp-block-file__button\" download>\u0130ndir<\/a><\/div>\n\n\n\n<div class=\"wp-block-file\"><a href=\"http:\/\/tfskd-ankara.org.tr\/wp-content\/uploads\/2020\/06\/adem-aymaz-1-1.docx\">adem-aymaz-1-1<\/a><a href=\"http:\/\/tfskd-ankara.org.tr\/wp-content\/uploads\/2020\/06\/adem-aymaz-1-1.docx\" class=\"wp-block-file__button\" download>\u0130ndir<\/a><\/div>\n\n\n\n<div class=\"wp-block-file\"><a href=\"http:\/\/tfskd-ankara.org.tr\/wp-content\/uploads\/2020\/06\/ahmet-g\u00fcne\u015f-1-1.docx\">ahmet-g\u00fcne\u015f-1-1<\/a><a href=\"http:\/\/tfskd-ankara.org.tr\/wp-content\/uploads\/2020\/06\/ahmet-g\u00fcne\u015f-1-1.docx\" class=\"wp-block-file__button\" download>\u0130ndir<\/a><\/div>\n\n\n\n<div class=\"wp-block-file\"><a href=\"http:\/\/tfskd-ankara.org.tr\/wp-content\/uploads\/2020\/06\/ahmet-hozanl\u0131-1-1.docx\">ahmet-hozanl\u0131-1-1<\/a><a href=\"http:\/\/tfskd-ankara.org.tr\/wp-content\/uploads\/2020\/06\/ahmet-hozanl\u0131-1-1.docx\" class=\"wp-block-file__button\" download>\u0130ndir<\/a><\/div>\n\n\n\n<div class=\"wp-block-file\"><a href=\"http:\/\/tfskd-ankara.org.tr\/wp-content\/uploads\/2020\/06\/ahmet-i\u015fbilen-1-1.docx\">ahmet-i\u015fbilen-1-1<\/a><a href=\"http:\/\/tfskd-ankara.org.tr\/wp-content\/uploads\/2020\/06\/ahmet-i\u015fbilen-1-1.docx\" class=\"wp-block-file__button\" download>\u0130ndir<\/a><\/div>\n\n\n\n<div class=\"wp-block-file\"><a href=\"http:\/\/tfskd-ankara.org.tr\/wp-content\/uploads\/2020\/06\/ali-deniz-1-1.docx\">ali-deniz-1-1<\/a><a href=\"http:\/\/tfskd-ankara.org.tr\/wp-content\/uploads\/2020\/06\/ali-deniz-1-1.docx\" class=\"wp-block-file__button\" download>\u0130ndir<\/a><\/div>\n\n\n\n<div class=\"wp-block-file\"><a href=\"http:\/\/tfskd-ankara.org.tr\/wp-content\/uploads\/2020\/06\/ali-o\u011fuz-1-1.docx\">ali-o\u011fuz-1-1<\/a><a href=\"http:\/\/tfskd-ankara.org.tr\/wp-content\/uploads\/2020\/06\/ali-o\u011fuz-1-1.docx\" class=\"wp-block-file__button\" download>\u0130ndir<\/a><\/div>\n\n\n\n<div class=\"wp-block-file\"><a href=\"http:\/\/tfskd-ankara.org.tr\/wp-content\/uploads\/2020\/06\/arslan-ertan-1-1.docx\">arslan-ertan-1-1<\/a><a href=\"http:\/\/tfskd-ankara.org.tr\/wp-content\/uploads\/2020\/06\/arslan-ertan-1-1.docx\" class=\"wp-block-file__button\" download>\u0130ndir<\/a><\/div>\n\n\n\n<div class=\"wp-block-file\"><a href=\"http:\/\/tfskd-ankara.org.tr\/wp-content\/uploads\/2020\/06\/as\u0131m-pekesen-1-1.docx\">as\u0131m-pekesen-1-1<\/a><a href=\"http:\/\/tfskd-ankara.org.tr\/wp-content\/uploads\/2020\/06\/as\u0131m-pekesen-1-1.docx\" class=\"wp-block-file__button\" download>\u0130ndir<\/a><\/div>\n\n\n\n<div class=\"wp-block-file\"><a href=\"http:\/\/tfskd-ankara.org.tr\/wp-content\/uploads\/2020\/06\/battal-tar\u0131k-c\u00f6mert-1-1.docx\">battal-tar\u0131k-c\u00f6mert-1-1<\/a><a href=\"http:\/\/tfskd-ankara.org.tr\/wp-content\/uploads\/2020\/06\/battal-tar\u0131k-c\u00f6mert-1-1.docx\" class=\"wp-block-file__button\" download>\u0130ndir<\/a><\/div>\n\n\n\n<div class=\"wp-block-file\"><a href=\"http:\/\/tfskd-ankara.org.tr\/wp-content\/uploads\/2020\/06\/bekir-akarg\u00f6l-1-1.docx\">bekir-akarg\u00f6l-1-1<\/a><a href=\"http:\/\/tfskd-ankara.org.tr\/wp-content\/uploads\/2020\/06\/bekir-akarg\u00f6l-1-1.docx\" class=\"wp-block-file__button\" download>\u0130ndir<\/a><\/div>\n\n\n\n<div class=\"wp-block-file\"><a href=\"http:\/\/tfskd-ankara.org.tr\/wp-content\/uploads\/2020\/06\/celalettin-uygur-1-1.docx\">celalettin-uygur-1-1<\/a><a href=\"http:\/\/tfskd-ankara.org.tr\/wp-content\/uploads\/2020\/06\/celalettin-uygur-1-1.docx\" class=\"wp-block-file__button\" download>\u0130ndir<\/a><\/div>\n\n\n\n<div class=\"wp-block-file\"><a href=\"http:\/\/tfskd-ankara.org.tr\/wp-content\/uploads\/2020\/06\/ceyhan-tosyal\u0131-1-1.docx\">ceyhan-tosyal\u0131-1-1<\/a><a href=\"http:\/\/tfskd-ankara.org.tr\/wp-content\/uploads\/2020\/06\/ceyhan-tosyal\u0131-1-1.docx\" class=\"wp-block-file__button\" download>\u0130ndir<\/a><\/div>\n\n\n\n<div class=\"wp-block-file\"><a href=\"http:\/\/tfskd-ankara.org.tr\/wp-content\/uploads\/2020\/06\/ceylan-boztepe-1-1.docx\">ceylan-boztepe-1-1<\/a><a href=\"http:\/\/tfskd-ankara.org.tr\/wp-content\/uploads\/2020\/06\/ceylan-boztepe-1-1.docx\" class=\"wp-block-file__button\" download>\u0130ndir<\/a><\/div>\n\n\n\n<div class=\"wp-block-file\"><a href=\"http:\/\/tfskd-ankara.org.tr\/wp-content\/uploads\/2020\/06\/cuma-esen-1-1.docx\">cuma-esen-1-1<\/a><a href=\"http:\/\/tfskd-ankara.org.tr\/wp-content\/uploads\/2020\/06\/cuma-esen-1-1.docx\" class=\"wp-block-file__button\" download>\u0130ndir<\/a><\/div>\n\n\n\n<div class=\"wp-block-file\"><a href=\"http:\/\/tfskd-ankara.org.tr\/wp-content\/uploads\/2020\/06\/davut-b\u0131y\u0131k-1-1.docx\">davut-b\u0131y\u0131k-1-1<\/a><a href=\"http:\/\/tfskd-ankara.org.tr\/wp-content\/uploads\/2020\/06\/davut-b\u0131y\u0131k-1-1.docx\" class=\"wp-block-file__button\" download>\u0130ndir<\/a><\/div>\n\n\n\n<div class=\"wp-block-file\"><a href=\"http:\/\/tfskd-ankara.org.tr\/wp-content\/uploads\/2020\/06\/dilaver-g\u00fcrb\u00fcz-1-1.docx\">dilaver-g\u00fcrb\u00fcz-1-1<\/a><a href=\"http:\/\/tfskd-ankara.org.tr\/wp-content\/uploads\/2020\/06\/dilaver-g\u00fcrb\u00fcz-1-1.docx\" class=\"wp-block-file__button\" download>\u0130ndir<\/a><\/div>\n\n\n\n<div class=\"wp-block-file\"><a href=\"http:\/\/tfskd-ankara.org.tr\/wp-content\/uploads\/2020\/06\/d\u00f6nd\u00fc-y\u0131ld\u0131r\u0131m-1-1.docx\">d\u00f6nd\u00fc-y\u0131ld\u0131r\u0131m-1-1<\/a><a href=\"http:\/\/tfskd-ankara.org.tr\/wp-content\/uploads\/2020\/06\/d\u00f6nd\u00fc-y\u0131ld\u0131r\u0131m-1-1.docx\" class=\"wp-block-file__button\" download>\u0130ndir<\/a><\/div>\n\n\n\n<div class=\"wp-block-file\"><a href=\"http:\/\/tfskd-ankara.org.tr\/wp-content\/uploads\/2020\/06\/eren-bakano\u011fullar\u0131-1-1.docx\">eren-bakano\u011fullar\u0131-1-1<\/a><a href=\"http:\/\/tfskd-ankara.org.tr\/wp-content\/uploads\/2020\/06\/eren-bakano\u011fullar\u0131-1-1.docx\" class=\"wp-block-file__button\" download>\u0130ndir<\/a><\/div>\n\n\n\n<div class=\"wp-block-file\"><a href=\"http:\/\/tfskd-ankara.org.tr\/wp-content\/uploads\/2020\/06\/erkan-co\u015fkun-1-1.docx\">erkan-co\u015fkun-1-1<\/a><a href=\"http:\/\/tfskd-ankara.org.tr\/wp-content\/uploads\/2020\/06\/erkan-co\u015fkun-1-1.docx\" class=\"wp-block-file__button\" download>\u0130ndir<\/a><\/div>\n\n\n\n<div class=\"wp-block-file\"><a href=\"http:\/\/tfskd-ankara.org.tr\/wp-content\/uploads\/2020\/06\/erol-tuncel-1-1.docx\">erol-tuncel-1-1<\/a><a href=\"http:\/\/tfskd-ankara.org.tr\/wp-content\/uploads\/2020\/06\/erol-tuncel-1-1.docx\" class=\"wp-block-file__button\" download>\u0130ndir<\/a><\/div>\n\n\n\n<div class=\"wp-block-file\"><a href=\"http:\/\/tfskd-ankara.org.tr\/wp-content\/uploads\/2020\/06\/ferhat-g\u00fcltekin-1-1.docx\">ferhat-g\u00fcltekin-1-1<\/a><a href=\"http:\/\/tfskd-ankara.org.tr\/wp-content\/uploads\/2020\/06\/ferhat-g\u00fcltekin-1-1.docx\" class=\"wp-block-file__button\" download>\u0130ndir<\/a><\/div>\n\n\n\n<div class=\"wp-block-file\"><a href=\"http:\/\/tfskd-ankara.org.tr\/wp-content\/uploads\/2020\/06\/g\u00f6ksel-b\u00fclent-par\u0131lt\u0131-1-1.docx\">g\u00f6ksel-b\u00fclent-par\u0131lt\u0131-1-1<\/a><a href=\"http:\/\/tfskd-ankara.org.tr\/wp-content\/uploads\/2020\/06\/g\u00f6ksel-b\u00fclent-par\u0131lt\u0131-1-1.docx\" class=\"wp-block-file__button\" download>\u0130ndir<\/a><\/div>\n\n\n\n<div class=\"wp-block-file\"><a href=\"http:\/\/tfskd-ankara.org.tr\/wp-content\/uploads\/2020\/06\/habib-be\u015fir-1-1.docx\">habib-be\u015fir-1-1<\/a><a href=\"http:\/\/tfskd-ankara.org.tr\/wp-content\/uploads\/2020\/06\/habib-be\u015fir-1-1.docx\" class=\"wp-block-file__button\" download>\u0130ndir<\/a><\/div>\n\n\n\n<div class=\"wp-block-file\"><a href=\"http:\/\/tfskd-ankara.org.tr\/wp-content\/uploads\/2020\/06\/hac\u0131mehmet-g\u00fcng\u00f6r-1-1.docx\">hac\u0131mehmet-g\u00fcng\u00f6r-1-1<\/a><a href=\"http:\/\/tfskd-ankara.org.tr\/wp-content\/uploads\/2020\/06\/hac\u0131mehmet-g\u00fcng\u00f6r-1-1.docx\" class=\"wp-block-file__button\" download>\u0130ndir<\/a><\/div>\n\n\n\n<div class=\"wp-block-file\"><a href=\"http:\/\/tfskd-ankara.org.tr\/wp-content\/uploads\/2020\/06\/hac\u0131veli-\u00e7aydan-1-1.docx\">hac\u0131veli-\u00e7aydan-1-1<\/a><a href=\"http:\/\/tfskd-ankara.org.tr\/wp-content\/uploads\/2020\/06\/hac\u0131veli-\u00e7aydan-1-1.docx\" class=\"wp-block-file__button\" download>\u0130ndir<\/a><\/div>\n\n\n\n<div class=\"wp-block-file\"><a href=\"http:\/\/tfskd-ankara.org.tr\/wp-content\/uploads\/2020\/06\/hakan-g\u00fcltekin-1-1.docx\">hakan-g\u00fcltekin-1-1<\/a><a href=\"http:\/\/tfskd-ankara.org.tr\/wp-content\/uploads\/2020\/06\/hakan-g\u00fcltekin-1-1.docx\" class=\"wp-block-file__button\" download>\u0130ndir<\/a><\/div>\n\n\n\n<div class=\"wp-block-file\"><a href=\"http:\/\/tfskd-ankara.org.tr\/wp-content\/uploads\/2020\/06\/hasan-\u00f6zta\u015f-1-1.docx\">hasan-\u00f6zta\u015f-1-1<\/a><a href=\"http:\/\/tfskd-ankara.org.tr\/wp-content\/uploads\/2020\/06\/hasan-\u00f6zta\u015f-1-1.docx\" class=\"wp-block-file__button\" download>\u0130ndir<\/a><\/div>\n\n\n\n<div class=\"wp-block-file\"><a href=\"http:\/\/tfskd-ankara.org.tr\/wp-content\/uploads\/2020\/06\/haydar-uzunkaya-1-1.docx\">haydar-uzunkaya-1-1<\/a><a href=\"http:\/\/tfskd-ankara.org.tr\/wp-content\/uploads\/2020\/06\/haydar-uzunkaya-1-1.docx\" class=\"wp-block-file__button\" download>\u0130ndir<\/a><\/div>\n\n\n\n<div class=\"wp-block-file\"><a href=\"http:\/\/tfskd-ankara.org.tr\/wp-content\/uploads\/2020\/06\/ibrahim-alt\u0131parmak-1-1.docx\">ibrahim-alt\u0131parmak-1-1<\/a><a href=\"http:\/\/tfskd-ankara.org.tr\/wp-content\/uploads\/2020\/06\/ibrahim-alt\u0131parmak-1-1.docx\" class=\"wp-block-file__button\" download>\u0130ndir<\/a><\/div>\n\n\n\n<div class=\"wp-block-file\"><a href=\"http:\/\/tfskd-ankara.org.tr\/wp-content\/uploads\/2020\/06\/ilhami-y\u0131lmaz-1-1.docx\">ilhami-y\u0131lmaz-1-1<\/a><a href=\"http:\/\/tfskd-ankara.org.tr\/wp-content\/uploads\/2020\/06\/ilhami-y\u0131lmaz-1-1.docx\" class=\"wp-block-file__button\" download>\u0130ndir<\/a><\/div>\n\n\n\n<div class=\"wp-block-file\"><a href=\"http:\/\/tfskd-ankara.org.tr\/wp-content\/uploads\/2020\/06\/ilker-ko\u00e7-1-1.docx\">ilker-ko\u00e7-1-1<\/a><a href=\"http:\/\/tfskd-ankara.org.tr\/wp-content\/uploads\/2020\/06\/ilker-ko\u00e7-1-1.docx\" class=\"wp-block-file__button\" download>\u0130ndir<\/a><\/div>\n\n\n\n<div class=\"wp-block-file\"><a href=\"http:\/\/tfskd-ankara.org.tr\/wp-content\/uploads\/2020\/06\/ismail-bildi\u015f-1-1.docx\">ismail-bildi\u015f-1-1<\/a><a href=\"http:\/\/tfskd-ankara.org.tr\/wp-content\/uploads\/2020\/06\/ismail-bildi\u015f-1-1.docx\" class=\"wp-block-file__button\" download>\u0130ndir<\/a><\/div>\n\n\n\n<div class=\"wp-block-file\"><a href=\"http:\/\/tfskd-ankara.org.tr\/wp-content\/uploads\/2020\/06\/ismail-korkut-1-1.docx\">ismail-korkut-1-1<\/a><a href=\"http:\/\/tfskd-ankara.org.tr\/wp-content\/uploads\/2020\/06\/ismail-korkut-1-1.docx\" class=\"wp-block-file__button\" download>\u0130ndir<\/a><\/div>\n\n\n\n<div class=\"wp-block-file\"><a href=\"http:\/\/tfskd-ankara.org.tr\/wp-content\/uploads\/2020\/06\/ismail-sara\u00e7-1-1.docx\">ismail-sara\u00e7-1-1<\/a><a href=\"http:\/\/tfskd-ankara.org.tr\/wp-content\/uploads\/2020\/06\/ismail-sara\u00e7-1-1.docx\" class=\"wp-block-file__button\" download>\u0130ndir<\/a><\/div>\n\n\n\n<div class=\"wp-block-file\"><a href=\"http:\/\/tfskd-ankara.org.tr\/wp-content\/uploads\/2020\/06\/kadir-ak\u00e7a-1-1.docx\">kadir-ak\u00e7a-1-1<\/a><a href=\"http:\/\/tfskd-ankara.org.tr\/wp-content\/uploads\/2020\/06\/kadir-ak\u00e7a-1-1.docx\" class=\"wp-block-file__button\" download>\u0130ndir<\/a><\/div>\n\n\n\n<div class=\"wp-block-file\"><a href=\"http:\/\/tfskd-ankara.org.tr\/wp-content\/uploads\/2020\/06\/kas\u0131m-durmaz-1-1.docx\">kas\u0131m-durmaz-1-1<\/a><a href=\"http:\/\/tfskd-ankara.org.tr\/wp-content\/uploads\/2020\/06\/kas\u0131m-durmaz-1-1.docx\" class=\"wp-block-file__button\" download>\u0130ndir<\/a><\/div>\n\n\n\n<div class=\"wp-block-file\"><a href=\"http:\/\/tfskd-ankara.org.tr\/wp-content\/uploads\/2020\/06\/kemal-caner-ar\u0131kan-1-1.docx\">kemal-caner-ar\u0131kan-1-1<\/a><a href=\"http:\/\/tfskd-ankara.org.tr\/wp-content\/uploads\/2020\/06\/kemal-caner-ar\u0131kan-1-1.docx\" class=\"wp-block-file__button\" download>\u0130ndir<\/a><\/div>\n\n\n\n<div class=\"wp-block-file\"><a href=\"http:\/\/tfskd-ankara.org.tr\/wp-content\/uploads\/2020\/06\/kerim-altuner-1-1.docx\">kerim-altuner-1-1<\/a><a href=\"http:\/\/tfskd-ankara.org.tr\/wp-content\/uploads\/2020\/06\/kerim-altuner-1-1.docx\" class=\"wp-block-file__button\" download>\u0130ndir<\/a><\/div>\n\n\n\n<div class=\"wp-block-file\"><a href=\"http:\/\/tfskd-ankara.org.tr\/wp-content\/uploads\/2020\/06\/lokman-ceylan-1-1.docx\">lokman-ceylan-1-1<\/a><a href=\"http:\/\/tfskd-ankara.org.tr\/wp-content\/uploads\/2020\/06\/lokman-ceylan-1-1.docx\" class=\"wp-block-file__button\" download>\u0130ndir<\/a><\/div>\n\n\n\n<div class=\"wp-block-file\"><a href=\"http:\/\/tfskd-ankara.org.tr\/wp-content\/uploads\/2020\/06\/mehmet-acar-1-1.docx\">mehmet-acar-1-1<\/a><a href=\"http:\/\/tfskd-ankara.org.tr\/wp-content\/uploads\/2020\/06\/mehmet-acar-1-1.docx\" class=\"wp-block-file__button\" download>\u0130ndir<\/a><\/div>\n\n\n\n<div class=\"wp-block-file\"><a href=\"http:\/\/tfskd-ankara.org.tr\/wp-content\/uploads\/2020\/06\/muharrem-\u00f6zdemir-1-1.docx\">muharrem-\u00f6zdemir-1-1<\/a><a href=\"http:\/\/tfskd-ankara.org.tr\/wp-content\/uploads\/2020\/06\/muharrem-\u00f6zdemir-1-1.docx\" class=\"wp-block-file__button\" download>\u0130ndir<\/a><\/div>\n\n\n\n<div class=\"wp-block-file\"><a href=\"http:\/\/tfskd-ankara.org.tr\/wp-content\/uploads\/2020\/06\/murat-keskin-1-1.docx\">murat-keskin-1-1<\/a><a href=\"http:\/\/tfskd-ankara.org.tr\/wp-content\/uploads\/2020\/06\/murat-keskin-1-1.docx\" class=\"wp-block-file__button\" download>\u0130ndir<\/a><\/div>\n\n\n\n<div class=\"wp-block-file\"><a href=\"http:\/\/tfskd-ankara.org.tr\/wp-content\/uploads\/2020\/06\/mustafa-ak\u00e7in-1-1.docx\">mustafa-ak\u00e7in-1-1<\/a><a href=\"http:\/\/tfskd-ankara.org.tr\/wp-content\/uploads\/2020\/06\/mustafa-ak\u00e7in-1-1.docx\" class=\"wp-block-file__button\" download>\u0130ndir<\/a><\/div>\n\n\n\n<div class=\"wp-block-file\"><a href=\"http:\/\/tfskd-ankara.org.tr\/wp-content\/uploads\/2020\/06\/mustafa-\u00e7ift\u00e7i-1-1.docx\">mustafa-\u00e7ift\u00e7i-1-1<\/a><a href=\"http:\/\/tfskd-ankara.org.tr\/wp-content\/uploads\/2020\/06\/mustafa-\u00e7ift\u00e7i-1-1.docx\" class=\"wp-block-file__button\" download>\u0130ndir<\/a><\/div>\n\n\n\n<div class=\"wp-block-file\"><a href=\"http:\/\/tfskd-ankara.org.tr\/wp-content\/uploads\/2020\/06\/mustafa-emir-1-1.docx\">mustafa-emir-1-1<\/a><a href=\"http:\/\/tfskd-ankara.org.tr\/wp-content\/uploads\/2020\/06\/mustafa-emir-1-1.docx\" class=\"wp-block-file__button\" download>\u0130ndir<\/a><\/div>\n\n\n\n<div class=\"wp-block-file\"><a href=\"http:\/\/tfskd-ankara.org.tr\/wp-content\/uploads\/2020\/06\/muzaffer-alt\u0131nba\u015f-1-1.docx\">muzaffer-alt\u0131nba\u015f-1-1<\/a><a href=\"http:\/\/tfskd-ankara.org.tr\/wp-content\/uploads\/2020\/06\/muzaffer-alt\u0131nba\u015f-1-1.docx\" class=\"wp-block-file__button\" download>\u0130ndir<\/a><\/div>\n\n\n\n<div class=\"wp-block-file\"><a href=\"http:\/\/tfskd-ankara.org.tr\/wp-content\/uploads\/2020\/06\/nejdet-y\u0131lmaz-1-1.docx\">nejdet-y\u0131lmaz-1-1<\/a><a href=\"http:\/\/tfskd-ankara.org.tr\/wp-content\/uploads\/2020\/06\/nejdet-y\u0131lmaz-1-1.docx\" class=\"wp-block-file__button\" download>\u0130ndir<\/a><\/div>\n\n\n\n<div class=\"wp-block-file\"><a href=\"http:\/\/tfskd-ankara.org.tr\/wp-content\/uploads\/2020\/06\/\u00f6mer-erdal-\u00f6zt\u00fcrk-1-1.docx\">\u00f6mer-erdal-\u00f6zt\u00fcrk-1-1<\/a><a href=\"http:\/\/tfskd-ankara.org.tr\/wp-content\/uploads\/2020\/06\/\u00f6mer-erdal-\u00f6zt\u00fcrk-1-1.docx\" class=\"wp-block-file__button\" download>\u0130ndir<\/a><\/div>\n\n\n\n<div class=\"wp-block-file\"><a href=\"http:\/\/tfskd-ankara.org.tr\/wp-content\/uploads\/2020\/06\/\u00f6mer-karakaya-1-1.docx\">\u00f6mer-karakaya-1-1<\/a><a href=\"http:\/\/tfskd-ankara.org.tr\/wp-content\/uploads\/2020\/06\/\u00f6mer-karakaya-1-1.docx\" class=\"wp-block-file__button\" download>\u0130ndir<\/a><\/div>\n\n\n\n<div class=\"wp-block-file\"><a href=\"http:\/\/tfskd-ankara.org.tr\/wp-content\/uploads\/2020\/06\/\u00f6zg\u00fcr-adam-1-1.docx\">\u00f6zg\u00fcr-adam-1-1<\/a><a href=\"http:\/\/tfskd-ankara.org.tr\/wp-content\/uploads\/2020\/06\/\u00f6zg\u00fcr-adam-1-1.docx\" class=\"wp-block-file__button\" download>\u0130ndir<\/a><\/div>\n\n\n\n<div class=\"wp-block-file\"><a href=\"http:\/\/tfskd-ankara.org.tr\/wp-content\/uploads\/2020\/06\/ramazan-ate\u015f-1-1.docx\">ramazan-ate\u015f-1-1<\/a><a href=\"http:\/\/tfskd-ankara.org.tr\/wp-content\/uploads\/2020\/06\/ramazan-ate\u015f-1-1.docx\" class=\"wp-block-file__button\" download>\u0130ndir<\/a><\/div>\n\n\n\n<div class=\"wp-block-file\"><a href=\"http:\/\/tfskd-ankara.org.tr\/wp-content\/uploads\/2020\/06\/sinan-\u00f6zl\u00fc-1-1.docx\">sinan-\u00f6zl\u00fc-1-1<\/a><a href=\"http:\/\/tfskd-ankara.org.tr\/wp-content\/uploads\/2020\/06\/sinan-\u00f6zl\u00fc-1-1.docx\" class=\"wp-block-file__button\" download>\u0130ndir<\/a><\/div>\n\n\n\n<div class=\"wp-block-file\"><a href=\"http:\/\/tfskd-ankara.org.tr\/wp-content\/uploads\/2020\/06\/suat-\u00fcrg\u00fcpl\u00fc-\u00e7obano\u011flu-1-1.docx\">suat-\u00fcrg\u00fcpl\u00fc-\u00e7obano\u011flu-1-1<\/a><a href=\"http:\/\/tfskd-ankara.org.tr\/wp-content\/uploads\/2020\/06\/suat-\u00fcrg\u00fcpl\u00fc-\u00e7obano\u011flu-1-1.docx\" class=\"wp-block-file__button\" download>\u0130ndir<\/a><\/div>\n\n\n\n<div class=\"wp-block-file\"><a href=\"http:\/\/tfskd-ankara.org.tr\/wp-content\/uploads\/2020\/06\/s\u00fcleyman-bulat-1-1.docx\">s\u00fcleyman-bulat-1-1<\/a><a href=\"http:\/\/tfskd-ankara.org.tr\/wp-content\/uploads\/2020\/06\/s\u00fcleyman-bulat-1-1.docx\" class=\"wp-block-file__button\" download>\u0130ndir<\/a><\/div>\n\n\n\n<div class=\"wp-block-file\"><a href=\"http:\/\/tfskd-ankara.org.tr\/wp-content\/uploads\/2020\/06\/\u015fahin-s\u00f6nmez-1-1.docx\">\u015fahin-s\u00f6nmez-1-1<\/a><a href=\"http:\/\/tfskd-ankara.org.tr\/wp-content\/uploads\/2020\/06\/\u015fahin-s\u00f6nmez-1-1.docx\" class=\"wp-block-file__button\" download>\u0130ndir<\/a><\/div>\n\n\n\n<div class=\"wp-block-file\"><a href=\"http:\/\/tfskd-ankara.org.tr\/wp-content\/uploads\/2020\/06\/\u015fenol-bulca-1-1.docx\">\u015fenol-bulca-1-1<\/a><a href=\"http:\/\/tfskd-ankara.org.tr\/wp-content\/uploads\/2020\/06\/\u015fenol-bulca-1-1.docx\" class=\"wp-block-file__button\" download>\u0130ndir<\/a><\/div>\n\n\n\n<div class=\"wp-block-file\"><a href=\"http:\/\/tfskd-ankara.org.tr\/wp-content\/uploads\/2020\/06\/tu\u011frul-sutay-1-1.docx\">tu\u011frul-sutay-1-1<\/a><a href=\"http:\/\/tfskd-ankara.org.tr\/wp-content\/uploads\/2020\/06\/tu\u011frul-sutay-1-1.docx\" class=\"wp-block-file__button\" download>\u0130ndir<\/a><\/div>\n\n\n\n<div class=\"wp-block-file\"><a href=\"http:\/\/tfskd-ankara.org.tr\/wp-content\/uploads\/2020\/06\/u\u011fur-ba\u015fal-1-1.docx\">u\u011fur-ba\u015fal-1-1<\/a><a href=\"http:\/\/tfskd-ankara.org.tr\/wp-content\/uploads\/2020\/06\/u\u011fur-ba\u015fal-1-1.docx\" class=\"wp-block-file__button\" download>\u0130ndir<\/a><\/div>\n\n\n\n<div class=\"wp-block-file\"><a href=\"http:\/\/tfskd-ankara.org.tr\/wp-content\/uploads\/2020\/06\/\u00fcmit-ko\u00e7ak-1-1.docx\">\u00fcmit-ko\u00e7ak-1-1<\/a><a href=\"http:\/\/tfskd-ankara.org.tr\/wp-content\/uploads\/2020\/06\/\u00fcmit-ko\u00e7ak-1-1.docx\" class=\"wp-block-file__button\" download>\u0130ndir<\/a><\/div>\n\n\n\n<div class=\"wp-block-file\"><a href=\"http:\/\/tfskd-ankara.org.tr\/wp-content\/uploads\/2020\/06\/\u00fcmit-\u00f6nder-1-1.docx\">\u00fcmit-\u00f6nder-1-1<\/a><a href=\"http:\/\/tfskd-ankara.org.tr\/wp-content\/uploads\/2020\/06\/\u00fcmit-\u00f6nder-1-1.docx\" class=\"wp-block-file__button\" download>\u0130ndir<\/a><\/div>\n\n\n\n<div class=\"wp-block-file\"><a href=\"http:\/\/tfskd-ankara.org.tr\/wp-content\/uploads\/2020\/06\/ya\u015far-polat-1-1.docx\">ya\u015far-polat-1-1<\/a><a href=\"http:\/\/tfskd-ankara.org.tr\/wp-content\/uploads\/2020\/06\/ya\u015far-polat-1-1.docx\" class=\"wp-block-file__button\" download>\u0130ndir<\/a><\/div>\n\n\n\n<div class=\"wp-block-file\"><a href=\"http:\/\/tfskd-ankara.org.tr\/wp-content\/uploads\/2020\/06\/yusuf-arslan-1-1.docx\">yusuf-arslan-1-1<\/a><a href=\"http:\/\/tfskd-ankara.org.tr\/wp-content\/uploads\/2020\/06\/yusuf-arslan-1-1.docx\" class=\"wp-block-file__button\" download>\u0130ndir<\/a><\/div>\n\n\n\n<div class=\"wp-block-file\"><a href=\"http:\/\/tfskd-ankara.org.tr\/wp-content\/uploads\/2020\/06\/yusuf-\u00f6zu\u011furlu-1-1.docx\">yusuf-\u00f6zu\u011furlu-1-1<\/a><a href=\"http:\/\/tfskd-ankara.org.tr\/wp-content\/uploads\/2020\/06\/yusuf-\u00f6zu\u011furlu-1-1.docx\" class=\"wp-block-file__button\" download>\u0130ndir<\/a><\/div>\n\n\n\n<div class=\"wp-block-file\"><a href=\"http:\/\/tfskd-ankara.org.tr\/wp-content\/uploads\/2020\/06\/serdal-karata\u015f-1-1.docx\">serdal-karata\u015f-1-1<\/a><a href=\"http:\/\/tfskd-ankara.org.tr\/wp-content\/uploads\/2020\/06\/serdal-karata\u015f-1-1.docx\" class=\"wp-block-file__button\" download>\u0130ndir<\/a><\/div>\n\n\n\n<div class=\"wp-block-file\"><a href=\"http:\/\/tfskd-ankara.org.tr\/wp-content\/uploads\/2020\/06\/serkan-g\u00fcltekin-1-1.docx\">serkan-g\u00fcltekin-1-1<\/a><a href=\"http:\/\/tfskd-ankara.org.tr\/wp-content\/uploads\/2020\/06\/serkan-g\u00fcltekin-1-1.docx\" class=\"wp-block-file__button\" download>\u0130ndir<\/a><\/div>\n\n\n\n<div class=\"wp-block-file\"><a href=\"http:\/\/tfskd-ankara.org.tr\/wp-content\/uploads\/2020\/06\/s\u00fcleyman-uslu-1-1.docx\">s\u00fcleyman-uslu-1-1<\/a><a href=\"http:\/\/tfskd-ankara.org.tr\/wp-content\/uploads\/2020\/06\/s\u00fcleyman-uslu-1-1.docx\" class=\"wp-block-file__button\" download>\u0130ndir<\/a><\/div>\n\n\n\n<div class=\"wp-block-file\"><a href=\"http:\/\/tfskd-ankara.org.tr\/wp-content\/uploads\/2021\/04\/MUSTAFA-KAYA.docx\">MUSTAFA-KAYA<\/a><a href=\"http:\/\/tfskd-ankara.org.tr\/wp-content\/uploads\/2021\/04\/MUSTAFA-KAYA.docx\" class=\"wp-block-file__button\" download>\u0130ndir<\/a><\/div>\n\n\n\n<div class=\"wp-block-file\"><a href=\"http:\/\/tfskd-ankara.org.tr\/wp-content\/uploads\/2021\/04\/ALI-OZDOGAN.docx\">ALI-OZDOGAN<\/a><a href=\"http:\/\/tfskd-ankara.org.tr\/wp-content\/uploads\/2021\/04\/ALI-OZDOGAN.docx\" class=\"wp-block-file__button\" download>\u0130ndir<\/a><\/div>\n","protected":false},"excerpt":{"rendered":"<div class=\"mh-excerpt\"><p>y\u0131ll\u0131k vize formu \u015fablonuhttp:\/\/tfskd-ankara.org.tr\/wp-content\/uploads\/2020\/06\/YILLIK-V\u0130ZE-FORMU-\u015eABLONU-1.docx http:\/\/tfskd-ankara.org.tr\/wp-content\/uploads\/2019\/02\/\u00dcYE-KABUL-FORMU-1.docx \u00fcye ba\u015fvuru formuhttp:\/\/tfskd-ankara.org.tr\/wp-content\/uploads\/2020\/06\/\u00dcYE-BA\u015eVURU-FORMU-\u015eABLONU-3.doc http:\/\/tfskd-ankara.org.tr\/wp-content\/uploads\/2019\/02\/SAHA-KOM\u0130SER\u0130-B\u0130LG\u0130-FORMU-1.xlsx<\/p>\n<\/div>","protected":false},"author":1,"featured_media":0,"parent":0,"menu_order":4,"comment_status":"closed","ping_status":"closed","template":"","meta":[],"_links":{"self":[{"href":"http:\/\/tfskd-ankara.org.tr\/index.php\/wp-json\/wp\/v2\/pages\/17"}],"collection":[{"href":"http:\/\/tfskd-ankara.org.tr\/index.php\/wp-json\/wp\/v2\/pages"}],"about":[{"href":"http:\/\/tfskd-ankara.org.tr\/index.php\/wp-json\/wp\/v2\/types\/page"}],"author":[{"embeddable":true,"href":"http:\/\/tfskd-ankara.org.tr\/index.php\/wp-json\/wp\/v2\/users\/1"}],"replies":[{"embeddable":true,"href":"http:\/\/tfskd-ankara.org.tr\/index.php\/wp-json\/wp\/v2\/comments?post=17"}],"version-history":[{"count":136,"href":"http:\/\/tfskd-ankara.org.tr\/index.php\/wp-json\/wp\/v2\/pages\/17\/revisions"}],"predecessor-version":[{"id":1330,"href":"http:\/\/tfskd-ankara.org.tr\/index.php\/wp-json\/wp\/v2\/pages\/17\/revisions\/1330"}],"wp:attachment":[{"href":"http:\/\/tfskd-ankara.org.tr\/index.php\/wp-json\/wp\/v2\/media?parent=17"}],"curies":[{"name":"wp","href":"https:\/\/api.w.org\/{rel}","templated":true}]}}