{"id":25,"date":"2019-01-16T17:34:23","date_gmt":"2019-01-16T17:34:23","guid":{"rendered":"http:\/\/tfskd-ankara.org.tr\/?page_id=25"},"modified":"2020-02-13T07:49:33","modified_gmt":"2020-02-13T07:49:33","slug":"iletisim","status":"publish","type":"page","link":"http:\/\/tfskd-ankara.org.tr\/index.php\/iletisim\/","title":{"rendered":"\u0130leti\u015fim"},"content":{"rendered":"\n<p>Gayret Mah.A\u015f\u0131k \u00c7elebi Sok.No:9 Hasan Do\u011fan Stad\u0131  YEN\u0130MAHALLE\/ANKARA<\/p>\n\n\n\n<p>Tel:0312 327 05 25                Fax :327 05 25<\/p>\n","protected":false},"excerpt":{"rendered":"<div class=\"mh-excerpt\"><p>Gayret Mah.A\u015f\u0131k \u00c7elebi Sok.No:9 Hasan Do\u011fan Stad\u0131 YEN\u0130MAHALLE\/ANKARA Tel:0312 327 05 25 Fax :327 05 25<\/p>\n<\/div>","protected":false},"author":1,"featured_media":0,"parent":0,"menu_order":5,"comment_status":"closed","ping_status":"closed","template":"","meta":[],"_links":{"self":[{"href":"http:\/\/tfskd-ankara.org.tr\/index.php\/wp-json\/wp\/v2\/pages\/25"}],"collection":[{"href":"http:\/\/tfskd-ankara.org.tr\/index.php\/wp-json\/wp\/v2\/pages"}],"about":[{"href":"http:\/\/tfskd-ankara.org.tr\/index.php\/wp-json\/wp\/v2\/types\/page"}],"author":[{"embeddable":true,"href":"http:\/\/tfskd-ankara.org.tr\/index.php\/wp-json\/wp\/v2\/users\/1"}],"replies":[{"embeddable":true,"href":"http:\/\/tfskd-ankara.org.tr\/index.php\/wp-json\/wp\/v2\/comments?post=25"}],"version-history":[{"count":5,"href":"http:\/\/tfskd-ankara.org.tr\/index.php\/wp-json\/wp\/v2\/pages\/25\/revisions"}],"predecessor-version":[{"id":642,"href":"http:\/\/tfskd-ankara.org.tr\/index.php\/wp-json\/wp\/v2\/pages\/25\/revisions\/642"}],"wp:attachment":[{"href":"http:\/\/tfskd-ankara.org.tr\/index.php\/wp-json\/wp\/v2\/media?parent=25"}],"curies":[{"name":"wp","href":"https:\/\/api.w.org\/{rel}","templated":true}]}}